{"id":246,"date":"2022-02-08T13:11:23","date_gmt":"2022-02-08T13:11:23","guid":{"rendered":"https:\/\/hfm-fahrtechnik.com\/wordpress\/?page_id=246"},"modified":"2022-07-20T15:24:00","modified_gmt":"2022-07-20T15:24:00","slug":"partner","status":"publish","type":"page","link":"https:\/\/hfm-fahrtechnik.com\/?page_id=246","title":{"rendered":"Partner"},"content":{"rendered":"<p>[vc_row text_color=&#8221;light&#8221;][vc_column font_color=&#8221;#ffffff&#8221;][block_title title=&#8221;PARTNER&#8221;][\/block_title][\/vc_column][\/vc_row][vc_row type=&#8221;full_width_background&#8221;][vc_column][media alignment=&#8221;center&#8221; animation=&#8221;none&#8221; link=&#8221;http:\/\/www.amg-designcenter.at\/&#8221; image=&#8221;251&#8243; width=&#8221;350&#8243;][vc_column_text custom_text_color=&#8221;#ffffff&#8221;]<\/p>\n<h2 style=\"text-align: center; color: white;\">Ihre Werbeagentur im Land der 1000 H\u00fcgel<\/h2>\n<p>[\/vc_column_text][\/vc_column][\/vc_row][vc_row type=&#8221;full_width_background&#8221;][vc_column][media alignment=&#8221;center&#8221; animation=&#8221;none&#8221; link=&#8221;https:\/\/www.enistation.at\/de-AT\/home.page&#8221; image=&#8221;256&#8243; width=&#8221;200&#8243;][vc_column_text custom_text_color=&#8221;#ffffff&#8221;]<\/p>\n<h2 style=\"text-align: center; color: white;\">Tankstelle, Gastronomie, Car-Wash<br \/>\nGerhard Lorenz Muik<br \/>\nWienerstra\u00dfe 94<br \/>\n2620 Neunkirchen<\/h2>\n<p>[\/vc_column_text][\/vc_column][\/vc_row][vc_row type=&#8221;full_width_background&#8221;][vc_column][media alignment=&#8221;center&#8221; animation=&#8221;none&#8221; link=&#8221;http:\/\/www.fs-ternitz.at\/&#8221; image=&#8221;252&#8243; width=&#8221;300&#8243;][vc_column_text custom_text_color=&#8221;#ffffff&#8221;]<\/p>\n<h2 style=\"text-align: center; color: white;\">Meine Fahrschule befindet sich im Herzen von Ternitz. Unterrichtsmethoden und Fuhrpark sind am Puls der Zeit. Die Fahrsch\u00fclerInnen werden individuell ausgebildet.<\/h2>\n<p>[\/vc_column_text][\/vc_column][\/vc_row][vc_row type=&#8221;full_width_background&#8221;][vc_column][media alignment=&#8221;center&#8221; animation=&#8221;none&#8221; link=&#8221;https:\/\/fitfabrik.at\/&#8221; image=&#8221;253&#8243; width=&#8221;300&#8243;][\/vc_column][\/vc_row][vc_row type=&#8221;full_width_background&#8221;][vc_column][media alignment=&#8221;center&#8221; animation=&#8221;none&#8221; link=&#8221;https:\/\/www.motorradland-austria.at\/&#8221; image=&#8221;255&#8243; width=&#8221;300&#8243;][vc_column_text custom_text_color=&#8221;#ffffff&#8221;]<\/p>\n<h2 style=\"text-align: center; color: white;\">Motorradland Austria ist ein eingetragener Verein, der sich zur Aufgabe gemacht hat Gleichgesinnte zum Informationsaustausch zu Vernetzen. Unser Ziel ist es die Gr\u00f6\u00dfte Informationsplattform f\u00fcr Motorradfahrer in \u00d6sterreich zu werden.<\/p>\n<p>Von Bikern \u2013 f\u00fcr Biker!<\/h2>\n<p>[\/vc_column_text][\/vc_column][\/vc_row][vc_row type=&#8221;full_width_background&#8221;][vc_column][media alignment=&#8221;center&#8221; animation=&#8221;none&#8221; link=&#8221;https:\/\/www.wiener-neustadt.at\/de\/&#8221; image=&#8221;279&#8243; width=&#8221;300&#8243;][\/vc_column][\/vc_row][vc_row type=&#8221;full_width_background&#8221;][vc_column][media alignment=&#8221;center&#8221; animation=&#8221;none&#8221; link=&#8221;https:\/\/www.mulzet.at\/de&#8221; image=&#8221;283&#8243; width=&#8221;300&#8243;][vc_column_text custom_text_color=&#8221;#ffffff&#8221;]<\/p>\n<h2 style=\"text-align: center; color: white;\">Ihr Motorradh\u00e4ndler im s\u00fcdlichen Nieder\u00f6sterreich<\/h2>\n<p>&nbsp;[\/vc_column_text][\/vc_column][\/vc_row][vc_row type=&#8221;full_width_background&#8221;][vc_column][media alignment=&#8221;center&#8221; animation=&#8221;none&#8221; link=&#8221;http:\/\/www.attrs.at\/&#8221; image=&#8221;286&#8243; width=&#8221;300&#8243;][\/vc_column][\/vc_row][vc_row type=&#8221;full_width_background&#8221;][vc_column][vc_row_inner][vc_column_inner width=&#8221;1\/2&#8243;][media animation=&#8221;none&#8221; link=&#8221;https:\/\/www.motothek.at\/de&#8221; image=&#8221;290&#8243;][\/vc_column_inner][vc_column_inner width=&#8221;1\/2&#8243;][media alignment=&#8221;center&#8221; animation=&#8221;none&#8221; link=&#8221;https:\/\/www.motothek.at\/de&#8221; image=&#8221;291&#8243; width=&#8221;300&#8243;][\/vc_column_inner][\/vc_row_inner][vc_column_text custom_text_color=&#8221;#ffffff&#8221;]<\/p>\n<h2 style=\"text-align: center; color: white;\">Sie erwartet eine gro\u00dfe Auswahl an Bikes und individuelle Beratung.<\/p>\n<p>Als HONDA und KTM Motorradh\u00e4ndler ist unser Antrieb die Leidenschaft<br \/>\nf\u00fcr Leistung. Unser Ziel ist das passende Motorrad f\u00fcr Sie, egal ob<br \/>\nneu oder gebraucht. Vom Roller \u00fcber Enduro bis zum Luxustourer.<\/p>\n<p>Wir bieten Ihnen professionellen Service mit durch unsere zertifizierten<br \/>\nund hochqualifizierten Mitarbeiter \u2013 egal, ob es sich um eine Wartung,<br \/>\nServiceleistung oder Reparatur handelt. Damit Ihr Bike so schnell wie<br \/>\nm\u00f6glich wieder auf die Stra\u00dfe kommt.<\/p>\n<p>Wir bieten alles, was das Biker-Herz schneller schlagen l\u00e4sst: tolle<br \/>\nMaschinen mit attraktiven Finanzierungsangeboten, Probefahrten,<br \/>\nOriginalzubeh\u00f6r sowie Ersatzteile, Vermietung, Inzahlungnahme und<br \/>\nvieles mehr.<\/h2>\n<p>[\/vc_column_text][\/vc_column][\/vc_row][vc_row type=&#8221;full_width_background&#8221;][vc_column][media alignment=&#8221;center&#8221; animation=&#8221;none&#8221; link=&#8221;https:\/\/www.moccamio.at\/&#8221; image=&#8221;319&#8243; width=&#8221;300&#8243;][\/vc_column][\/vc_row]<\/p>\n","protected":false},"excerpt":{"rendered":"<p>[vc_row text_color=&#8221;light&#8221;][vc_column font_color=&#8221;#ffffff&#8221;][block_title title=&#8221;PARTNER&#8221;][\/block_title][\/vc_column][\/vc_row][vc_row type=&#8221;full_width_background&#8221;][vc_column][media alignment=&#8221;center&#8221; animation=&#8221;none&#8221; link=&#8221;http:\/\/www.amg-designcenter.at\/&#8221; image=&#8221;251&#8243; width=&#8221;350&#8243;][vc_column_text custom_text_color=&#8221;#ffffff&#8221;] Ihre Werbeagentur im Land der 1000 H\u00fcgel [\/vc_column_text][\/vc_column][\/vc_row][vc_row type=&#8221;full_width_background&#8221;][vc_column][media alignment=&#8221;center&#8221; animation=&#8221;none&#8221; link=&#8221;https:\/\/www.enistation.at\/de-AT\/home.page&#8221; image=&#8221;256&#8243; width=&#8221;200&#8243;][vc_column_text custom_text_color=&#8221;#ffffff&#8221;] Tankstelle, Gastronomie, Car-Wash Gerhard Lorenz Muik Wienerstra\u00dfe 94 2620 Neunkirchen [\/vc_column_text][\/vc_column][\/vc_row][vc_row type=&#8221;full_width_background&#8221;][vc_column][media alignment=&#8221;center&#8221; animation=&#8221;none&#8221; link=&#8221;http:\/\/www.fs-ternitz.at\/&#8221; image=&#8221;252&#8243; width=&#8221;300&#8243;][vc_column_text custom_text_color=&#8221;#ffffff&#8221;] Meine Fahrschule befindet sich im Herzen von Ternitz. Unterrichtsmethoden und Fuhrpark [&hellip;]<\/p>\n","protected":false},"author":1,"featured_media":0,"parent":0,"menu_order":0,"comment_status":"closed","ping_status":"closed","template":"","meta":{"_monsterinsights_skip_tracking":false,"_monsterinsights_sitenote_active":false,"_monsterinsights_sitenote_note":"","_monsterinsights_sitenote_category":0,"footnotes":""},"class_list":["post-246","page","type-page","status-publish","hentry"],"yoast_head":"<!-- This site is optimized with the Yoast SEO plugin v17.9 - https:\/\/yoast.com\/wordpress\/plugins\/seo\/ -->\n<title>Partner - HFM-Fahrtechnik<\/title>\n<meta name=\"robots\" content=\"index, follow, max-snippet:-1, max-image-preview:large, max-video-preview:-1\" \/>\n<link rel=\"canonical\" href=\"https:\/\/hfm-fahrtechnik.com\/?page_id=246\" \/>\n<meta property=\"og:locale\" content=\"de_DE\" \/>\n<meta property=\"og:type\" content=\"article\" \/>\n<meta property=\"og:title\" content=\"Partner - HFM-Fahrtechnik\" \/>\n<meta property=\"og:description\" content=\"[vc_row text_color=&#8221;light&#8221;][vc_column font_color=&#8221;#ffffff&#8221;][block_title title=&#8221;PARTNER&#8221;][\/block_title][\/vc_column][\/vc_row][vc_row type=&#8221;full_width_background&#8221;][vc_column][media alignment=&#8221;center&#8221; animation=&#8221;none&#8221; link=&#8221;http:\/\/www.amg-designcenter.at\/&#8221; image=&#8221;251&#8243; width=&#8221;350&#8243;][vc_column_text custom_text_color=&#8221;#ffffff&#8221;] Ihre Werbeagentur im Land der 1000 H\u00fcgel [\/vc_column_text][\/vc_column][\/vc_row][vc_row type=&#8221;full_width_background&#8221;][vc_column][media alignment=&#8221;center&#8221; animation=&#8221;none&#8221; link=&#8221;https:\/\/www.enistation.at\/de-AT\/home.page&#8221; image=&#8221;256&#8243; width=&#8221;200&#8243;][vc_column_text custom_text_color=&#8221;#ffffff&#8221;] Tankstelle, Gastronomie, Car-Wash Gerhard Lorenz Muik Wienerstra\u00dfe 94 2620 Neunkirchen [\/vc_column_text][\/vc_column][\/vc_row][vc_row type=&#8221;full_width_background&#8221;][vc_column][media alignment=&#8221;center&#8221; animation=&#8221;none&#8221; link=&#8221;http:\/\/www.fs-ternitz.at\/&#8221; image=&#8221;252&#8243; width=&#8221;300&#8243;][vc_column_text custom_text_color=&#8221;#ffffff&#8221;] Meine Fahrschule befindet sich im Herzen von Ternitz. Unterrichtsmethoden und Fuhrpark [&hellip;]\" \/>\n<meta property=\"og:url\" content=\"https:\/\/hfm-fahrtechnik.com\/?page_id=246\" \/>\n<meta property=\"og:site_name\" content=\"HFM-Fahrtechnik\" \/>\n<meta property=\"article:modified_time\" content=\"2022-07-20T15:24:00+00:00\" \/>\n<meta name=\"twitter:card\" content=\"summary_large_image\" \/>\n<script type=\"application\/ld+json\" class=\"yoast-schema-graph\">{\"@context\":\"https:\/\/schema.org\",\"@graph\":[{\"@type\":\"WebSite\",\"@id\":\"https:\/\/hfm-fahrtechnik.com\/#website\",\"url\":\"https:\/\/hfm-fahrtechnik.com\/\",\"name\":\"HFM-Fahrtechnik\",\"description\":\"\",\"potentialAction\":[{\"@type\":\"SearchAction\",\"target\":{\"@type\":\"EntryPoint\",\"urlTemplate\":\"https:\/\/hfm-fahrtechnik.com\/?s={search_term_string}\"},\"query-input\":\"required name=search_term_string\"}],\"inLanguage\":\"de-AT\"},{\"@type\":\"WebPage\",\"@id\":\"https:\/\/hfm-fahrtechnik.com\/?page_id=246#webpage\",\"url\":\"https:\/\/hfm-fahrtechnik.com\/?page_id=246\",\"name\":\"Partner - HFM-Fahrtechnik\",\"isPartOf\":{\"@id\":\"https:\/\/hfm-fahrtechnik.com\/#website\"},\"datePublished\":\"2022-02-08T13:11:23+00:00\",\"dateModified\":\"2022-07-20T15:24:00+00:00\",\"breadcrumb\":{\"@id\":\"https:\/\/hfm-fahrtechnik.com\/?page_id=246#breadcrumb\"},\"inLanguage\":\"de-AT\",\"potentialAction\":[{\"@type\":\"ReadAction\",\"target\":[\"https:\/\/hfm-fahrtechnik.com\/?page_id=246\"]}]},{\"@type\":\"BreadcrumbList\",\"@id\":\"https:\/\/hfm-fahrtechnik.com\/?page_id=246#breadcrumb\",\"itemListElement\":[{\"@type\":\"ListItem\",\"position\":1,\"name\":\"Home\",\"item\":\"https:\/\/hfm-fahrtechnik.com\/\"},{\"@type\":\"ListItem\",\"position\":2,\"name\":\"Partner\"}]}]}<\/script>\n<!-- \/ Yoast SEO plugin. -->","yoast_head_json":{"title":"Partner - HFM-Fahrtechnik","robots":{"index":"index","follow":"follow","max-snippet":"max-snippet:-1","max-image-preview":"max-image-preview:large","max-video-preview":"max-video-preview:-1"},"canonical":"https:\/\/hfm-fahrtechnik.com\/?page_id=246","og_locale":"de_DE","og_type":"article","og_title":"Partner - HFM-Fahrtechnik","og_description":"[vc_row text_color=&#8221;light&#8221;][vc_column font_color=&#8221;#ffffff&#8221;][block_title title=&#8221;PARTNER&#8221;][\/block_title][\/vc_column][\/vc_row][vc_row type=&#8221;full_width_background&#8221;][vc_column][media alignment=&#8221;center&#8221; animation=&#8221;none&#8221; link=&#8221;http:\/\/www.amg-designcenter.at\/&#8221; image=&#8221;251&#8243; width=&#8221;350&#8243;][vc_column_text custom_text_color=&#8221;#ffffff&#8221;] Ihre Werbeagentur im Land der 1000 H\u00fcgel [\/vc_column_text][\/vc_column][\/vc_row][vc_row type=&#8221;full_width_background&#8221;][vc_column][media alignment=&#8221;center&#8221; animation=&#8221;none&#8221; link=&#8221;https:\/\/www.enistation.at\/de-AT\/home.page&#8221; image=&#8221;256&#8243; width=&#8221;200&#8243;][vc_column_text custom_text_color=&#8221;#ffffff&#8221;] Tankstelle, Gastronomie, Car-Wash Gerhard Lorenz Muik Wienerstra\u00dfe 94 2620 Neunkirchen [\/vc_column_text][\/vc_column][\/vc_row][vc_row type=&#8221;full_width_background&#8221;][vc_column][media alignment=&#8221;center&#8221; animation=&#8221;none&#8221; link=&#8221;http:\/\/www.fs-ternitz.at\/&#8221; image=&#8221;252&#8243; width=&#8221;300&#8243;][vc_column_text custom_text_color=&#8221;#ffffff&#8221;] Meine Fahrschule befindet sich im Herzen von Ternitz. Unterrichtsmethoden und Fuhrpark [&hellip;]","og_url":"https:\/\/hfm-fahrtechnik.com\/?page_id=246","og_site_name":"HFM-Fahrtechnik","article_modified_time":"2022-07-20T15:24:00+00:00","twitter_card":"summary_large_image","schema":{"@context":"https:\/\/schema.org","@graph":[{"@type":"WebSite","@id":"https:\/\/hfm-fahrtechnik.com\/#website","url":"https:\/\/hfm-fahrtechnik.com\/","name":"HFM-Fahrtechnik","description":"","potentialAction":[{"@type":"SearchAction","target":{"@type":"EntryPoint","urlTemplate":"https:\/\/hfm-fahrtechnik.com\/?s={search_term_string}"},"query-input":"required name=search_term_string"}],"inLanguage":"de-AT"},{"@type":"WebPage","@id":"https:\/\/hfm-fahrtechnik.com\/?page_id=246#webpage","url":"https:\/\/hfm-fahrtechnik.com\/?page_id=246","name":"Partner - HFM-Fahrtechnik","isPartOf":{"@id":"https:\/\/hfm-fahrtechnik.com\/#website"},"datePublished":"2022-02-08T13:11:23+00:00","dateModified":"2022-07-20T15:24:00+00:00","breadcrumb":{"@id":"https:\/\/hfm-fahrtechnik.com\/?page_id=246#breadcrumb"},"inLanguage":"de-AT","potentialAction":[{"@type":"ReadAction","target":["https:\/\/hfm-fahrtechnik.com\/?page_id=246"]}]},{"@type":"BreadcrumbList","@id":"https:\/\/hfm-fahrtechnik.com\/?page_id=246#breadcrumb","itemListElement":[{"@type":"ListItem","position":1,"name":"Home","item":"https:\/\/hfm-fahrtechnik.com\/"},{"@type":"ListItem","position":2,"name":"Partner"}]}]}},"_links":{"self":[{"href":"https:\/\/hfm-fahrtechnik.com\/index.php?rest_route=\/wp\/v2\/pages\/246","targetHints":{"allow":["GET"]}}],"collection":[{"href":"https:\/\/hfm-fahrtechnik.com\/index.php?rest_route=\/wp\/v2\/pages"}],"about":[{"href":"https:\/\/hfm-fahrtechnik.com\/index.php?rest_route=\/wp\/v2\/types\/page"}],"author":[{"embeddable":true,"href":"https:\/\/hfm-fahrtechnik.com\/index.php?rest_route=\/wp\/v2\/users\/1"}],"replies":[{"embeddable":true,"href":"https:\/\/hfm-fahrtechnik.com\/index.php?rest_route=%2Fwp%2Fv2%2Fcomments&post=246"}],"version-history":[{"count":15,"href":"https:\/\/hfm-fahrtechnik.com\/index.php?rest_route=\/wp\/v2\/pages\/246\/revisions"}],"predecessor-version":[{"id":321,"href":"https:\/\/hfm-fahrtechnik.com\/index.php?rest_route=\/wp\/v2\/pages\/246\/revisions\/321"}],"wp:attachment":[{"href":"https:\/\/hfm-fahrtechnik.com\/index.php?rest_route=%2Fwp%2Fv2%2Fmedia&parent=246"}],"curies":[{"name":"wp","href":"https:\/\/api.w.org\/{rel}","templated":true}]}}