{"id":128,"date":"2022-01-31T14:07:28","date_gmt":"2022-01-31T14:07:28","guid":{"rendered":"https:\/\/hfm-fahrtechnik.com\/wordpress\/?page_id=128"},"modified":"2022-02-08T14:11:30","modified_gmt":"2022-02-08T14:11:30","slug":"anfrage","status":"publish","type":"page","link":"https:\/\/hfm-fahrtechnik.com\/?page_id=128","title":{"rendered":"Anfrage"},"content":{"rendered":"<p>[vc_row text_color=&#8221;light&#8221;][vc_column][block_title title=&#8221;IHRE ANFRAGE&#8221;][\/block_title][\/vc_column][\/vc_row][vc_row][vc_column][vc_column_text custom_text_color=&#8221;#ffffff&#8221;]<\/p>\n<p style=\"text-align: center; font-size: 17pt;\">Ich w\u00fcrde mich sehr \u00fcber Ihre Anfrage freuen.<\/p>\n<p style=\"text-align: center; font-size: 17pt;\">Dazu f\u00fcllen Sie das unten angef\u00fchrte Dokument aus und senden Sie es mir per E-Mail an <a href=\"mailto:office@hfm-fahrtechnik.com\">office@hfm-fahrtechnik.com<\/a>.<\/p>\n<p>[\/vc_column_text][\/vc_column][\/vc_row][vc_row type=&#8221;full_width_background&#8221; bg_color=&#8221;#343434&#8243; text_color=&#8221;light&#8221; top_padding=&#8221;35&#8243; bottom_padding=&#8221;35&#8243; arrow_top=&#8221;1&#8243;][vc_column][textbar title=&#8221;Teilnahmeerkl\u00e4rung&#8221; button_title=&#8221;Hier downloaden&#8221; button_link=&#8221;https:\/\/hfm-fahrtechnik.com\/wordpress\/wp-content\/uploads\/2022\/02\/Teilnahmeerklaerung.pdf&#8221; icon=&#8221;steadysets-icon-download&#8221;][\/vc_column][\/vc_row][vc_row][vc_column][vc_column_text custom_text_color=&#8221;#ffffff&#8221;]Bei sonstigen Fragen melden Sie sich \u00fcber das Kontaktformular:<\/p>\n<p>&nbsp;[\/vc_column_text]<div role=\"form\" class=\"wpcf7\" id=\"wpcf7-f262-o1\" lang=\"de-AT\" dir=\"ltr\">\n<div class=\"screen-reader-response\"><p role=\"status\" aria-live=\"polite\" aria-atomic=\"true\"><\/p> <ul><\/ul><\/div>\n<form action=\"\/index.php?rest_route=%2Fwp%2Fv2%2Fpages%2F128#wpcf7-f262-o1\" method=\"post\" class=\"wpcf7-form init\" novalidate=\"novalidate\" data-status=\"init\">\n<div style=\"display: none;\">\n<input type=\"hidden\" name=\"_wpcf7\" value=\"262\" \/>\n<input type=\"hidden\" name=\"_wpcf7_version\" value=\"5.5.3\" \/>\n<input type=\"hidden\" name=\"_wpcf7_locale\" value=\"de_AT\" \/>\n<input type=\"hidden\" name=\"_wpcf7_unit_tag\" value=\"wpcf7-f262-o1\" \/>\n<input type=\"hidden\" name=\"_wpcf7_container_post\" value=\"0\" \/>\n<input type=\"hidden\" name=\"_wpcf7_posted_data_hash\" value=\"\" \/>\n<\/div>\n<p><label style=\"color:white\"> Name<br \/>\n    <span class=\"wpcf7-form-control-wrap your-name\"><input type=\"text\" name=\"your-name\" value=\"\" size=\"40\" class=\"wpcf7-form-control wpcf7-text wpcf7-validates-as-required\" aria-required=\"true\" aria-invalid=\"false\" \/><\/span> <\/label><\/p>\n<p><label style=\"color:white\"> E-Mail<br \/>\n    <span class=\"wpcf7-form-control-wrap your-email\"><input type=\"email\" name=\"your-email\" value=\"\" size=\"40\" class=\"wpcf7-form-control wpcf7-text wpcf7-email wpcf7-validates-as-required wpcf7-validates-as-email\" aria-required=\"true\" aria-invalid=\"false\" \/><\/span> <\/label><\/p>\n<p><label style=\"color:white\"> Betreff<br \/>\n    <span class=\"wpcf7-form-control-wrap your-subject\"><input type=\"text\" name=\"your-subject\" value=\"\" size=\"40\" class=\"wpcf7-form-control wpcf7-text wpcf7-validates-as-required\" aria-required=\"true\" aria-invalid=\"false\" \/><\/span> <\/label><\/p>\n<p><label style=\"color:white\"> Nachricht<br \/>\n    <span class=\"wpcf7-form-control-wrap your-message\"><textarea name=\"your-message\" cols=\"40\" rows=\"10\" class=\"wpcf7-form-control wpcf7-textarea\" aria-invalid=\"false\"><\/textarea><\/span> <\/label><\/p>\n<p><input type=\"submit\" value=\"Senden\" class=\"wpcf7-form-control has-spinner wpcf7-submit\" \/><\/p>\n<div class=\"wpcf7-response-output\" aria-hidden=\"true\"><\/div><\/form><\/div>[\/vc_column][\/vc_row]<\/p>\n","protected":false},"excerpt":{"rendered":"<p>[vc_row text_color=&#8221;light&#8221;][vc_column][block_title title=&#8221;IHRE ANFRAGE&#8221;][\/block_title][\/vc_column][\/vc_row][vc_row][vc_column][vc_column_text custom_text_color=&#8221;#ffffff&#8221;] Ich w\u00fcrde mich sehr \u00fcber Ihre Anfrage freuen. Dazu f\u00fcllen Sie das unten angef\u00fchrte Dokument aus und senden Sie es mir per E-Mail an office@hfm-fahrtechnik.com. [\/vc_column_text][\/vc_column][\/vc_row][vc_row type=&#8221;full_width_background&#8221; bg_color=&#8221;#343434&#8243; text_color=&#8221;light&#8221; top_padding=&#8221;35&#8243; bottom_padding=&#8221;35&#8243; arrow_top=&#8221;1&#8243;][vc_column][textbar title=&#8221;Teilnahmeerkl\u00e4rung&#8221; button_title=&#8221;Hier downloaden&#8221; button_link=&#8221;https:\/\/hfm-fahrtechnik.com\/wordpress\/wp-content\/uploads\/2022\/02\/Teilnahmeerklaerung.pdf&#8221; icon=&#8221;steadysets-icon-download&#8221;][\/vc_column][\/vc_row][vc_row][vc_column][vc_column_text custom_text_color=&#8221;#ffffff&#8221;]Bei sonstigen Fragen melden Sie sich \u00fcber das Kontaktformular: &nbsp;[\/vc_column_text][\/vc_column][\/vc_row]<\/p>\n","protected":false},"author":1,"featured_media":0,"parent":0,"menu_order":0,"comment_status":"closed","ping_status":"closed","template":"","meta":{"_monsterinsights_skip_tracking":false,"_monsterinsights_sitenote_active":false,"_monsterinsights_sitenote_note":"","_monsterinsights_sitenote_category":0,"footnotes":""},"class_list":["post-128","page","type-page","status-publish","hentry"],"yoast_head":"<!-- This site is optimized with the Yoast SEO plugin v17.9 - https:\/\/yoast.com\/wordpress\/plugins\/seo\/ -->\n<title>Anfrage - HFM-Fahrtechnik<\/title>\n<meta name=\"robots\" content=\"index, follow, max-snippet:-1, max-image-preview:large, max-video-preview:-1\" \/>\n<link rel=\"canonical\" href=\"https:\/\/hfm-fahrtechnik.com\/?page_id=128\" \/>\n<meta property=\"og:locale\" content=\"de_DE\" \/>\n<meta property=\"og:type\" content=\"article\" \/>\n<meta property=\"og:title\" content=\"Anfrage - HFM-Fahrtechnik\" \/>\n<meta property=\"og:description\" content=\"[vc_row text_color=&#8221;light&#8221;][vc_column][block_title title=&#8221;IHRE ANFRAGE&#8221;][\/block_title][\/vc_column][\/vc_row][vc_row][vc_column][vc_column_text custom_text_color=&#8221;#ffffff&#8221;] Ich w\u00fcrde mich sehr \u00fcber Ihre Anfrage freuen. Dazu f\u00fcllen Sie das unten angef\u00fchrte Dokument aus und senden Sie es mir per E-Mail an office@hfm-fahrtechnik.com. [\/vc_column_text][\/vc_column][\/vc_row][vc_row type=&#8221;full_width_background&#8221; bg_color=&#8221;#343434&#8243; text_color=&#8221;light&#8221; top_padding=&#8221;35&#8243; bottom_padding=&#8221;35&#8243; arrow_top=&#8221;1&#8243;][vc_column][textbar title=&#8221;Teilnahmeerkl\u00e4rung&#8221; button_title=&#8221;Hier downloaden&#8221; button_link=&#8221;https:\/\/hfm-fahrtechnik.com\/wordpress\/wp-content\/uploads\/2022\/02\/Teilnahmeerklaerung.pdf&#8221; icon=&#8221;steadysets-icon-download&#8221;][\/vc_column][\/vc_row][vc_row][vc_column][vc_column_text custom_text_color=&#8221;#ffffff&#8221;]Bei sonstigen Fragen melden Sie sich \u00fcber das Kontaktformular: &nbsp;[\/vc_column_text][\/vc_column][\/vc_row]\" \/>\n<meta property=\"og:url\" content=\"https:\/\/hfm-fahrtechnik.com\/?page_id=128\" \/>\n<meta property=\"og:site_name\" content=\"HFM-Fahrtechnik\" \/>\n<meta property=\"article:modified_time\" content=\"2022-02-08T14:11:30+00:00\" \/>\n<meta name=\"twitter:card\" content=\"summary_large_image\" \/>\n<meta name=\"twitter:label1\" content=\"Est. reading time\" \/>\n\t<meta name=\"twitter:data1\" content=\"1 Minute\" \/>\n<script type=\"application\/ld+json\" class=\"yoast-schema-graph\">{\"@context\":\"https:\/\/schema.org\",\"@graph\":[{\"@type\":\"WebSite\",\"@id\":\"https:\/\/hfm-fahrtechnik.com\/#website\",\"url\":\"https:\/\/hfm-fahrtechnik.com\/\",\"name\":\"HFM-Fahrtechnik\",\"description\":\"\",\"potentialAction\":[{\"@type\":\"SearchAction\",\"target\":{\"@type\":\"EntryPoint\",\"urlTemplate\":\"https:\/\/hfm-fahrtechnik.com\/?s={search_term_string}\"},\"query-input\":\"required name=search_term_string\"}],\"inLanguage\":\"de-AT\"},{\"@type\":\"WebPage\",\"@id\":\"https:\/\/hfm-fahrtechnik.com\/?page_id=128#webpage\",\"url\":\"https:\/\/hfm-fahrtechnik.com\/?page_id=128\",\"name\":\"Anfrage - HFM-Fahrtechnik\",\"isPartOf\":{\"@id\":\"https:\/\/hfm-fahrtechnik.com\/#website\"},\"datePublished\":\"2022-01-31T14:07:28+00:00\",\"dateModified\":\"2022-02-08T14:11:30+00:00\",\"breadcrumb\":{\"@id\":\"https:\/\/hfm-fahrtechnik.com\/?page_id=128#breadcrumb\"},\"inLanguage\":\"de-AT\",\"potentialAction\":[{\"@type\":\"ReadAction\",\"target\":[\"https:\/\/hfm-fahrtechnik.com\/?page_id=128\"]}]},{\"@type\":\"BreadcrumbList\",\"@id\":\"https:\/\/hfm-fahrtechnik.com\/?page_id=128#breadcrumb\",\"itemListElement\":[{\"@type\":\"ListItem\",\"position\":1,\"name\":\"Home\",\"item\":\"https:\/\/hfm-fahrtechnik.com\/\"},{\"@type\":\"ListItem\",\"position\":2,\"name\":\"Anfrage\"}]}]}<\/script>\n<!-- \/ Yoast SEO plugin. -->","yoast_head_json":{"title":"Anfrage - HFM-Fahrtechnik","robots":{"index":"index","follow":"follow","max-snippet":"max-snippet:-1","max-image-preview":"max-image-preview:large","max-video-preview":"max-video-preview:-1"},"canonical":"https:\/\/hfm-fahrtechnik.com\/?page_id=128","og_locale":"de_DE","og_type":"article","og_title":"Anfrage - HFM-Fahrtechnik","og_description":"[vc_row text_color=&#8221;light&#8221;][vc_column][block_title title=&#8221;IHRE ANFRAGE&#8221;][\/block_title][\/vc_column][\/vc_row][vc_row][vc_column][vc_column_text custom_text_color=&#8221;#ffffff&#8221;] Ich w\u00fcrde mich sehr \u00fcber Ihre Anfrage freuen. Dazu f\u00fcllen Sie das unten angef\u00fchrte Dokument aus und senden Sie es mir per E-Mail an office@hfm-fahrtechnik.com. [\/vc_column_text][\/vc_column][\/vc_row][vc_row type=&#8221;full_width_background&#8221; bg_color=&#8221;#343434&#8243; text_color=&#8221;light&#8221; top_padding=&#8221;35&#8243; bottom_padding=&#8221;35&#8243; arrow_top=&#8221;1&#8243;][vc_column][textbar title=&#8221;Teilnahmeerkl\u00e4rung&#8221; button_title=&#8221;Hier downloaden&#8221; button_link=&#8221;https:\/\/hfm-fahrtechnik.com\/wordpress\/wp-content\/uploads\/2022\/02\/Teilnahmeerklaerung.pdf&#8221; icon=&#8221;steadysets-icon-download&#8221;][\/vc_column][\/vc_row][vc_row][vc_column][vc_column_text custom_text_color=&#8221;#ffffff&#8221;]Bei sonstigen Fragen melden Sie sich \u00fcber das Kontaktformular: &nbsp;[\/vc_column_text][\/vc_column][\/vc_row]","og_url":"https:\/\/hfm-fahrtechnik.com\/?page_id=128","og_site_name":"HFM-Fahrtechnik","article_modified_time":"2022-02-08T14:11:30+00:00","twitter_card":"summary_large_image","twitter_misc":{"Est. reading time":"1 Minute"},"schema":{"@context":"https:\/\/schema.org","@graph":[{"@type":"WebSite","@id":"https:\/\/hfm-fahrtechnik.com\/#website","url":"https:\/\/hfm-fahrtechnik.com\/","name":"HFM-Fahrtechnik","description":"","potentialAction":[{"@type":"SearchAction","target":{"@type":"EntryPoint","urlTemplate":"https:\/\/hfm-fahrtechnik.com\/?s={search_term_string}"},"query-input":"required name=search_term_string"}],"inLanguage":"de-AT"},{"@type":"WebPage","@id":"https:\/\/hfm-fahrtechnik.com\/?page_id=128#webpage","url":"https:\/\/hfm-fahrtechnik.com\/?page_id=128","name":"Anfrage - HFM-Fahrtechnik","isPartOf":{"@id":"https:\/\/hfm-fahrtechnik.com\/#website"},"datePublished":"2022-01-31T14:07:28+00:00","dateModified":"2022-02-08T14:11:30+00:00","breadcrumb":{"@id":"https:\/\/hfm-fahrtechnik.com\/?page_id=128#breadcrumb"},"inLanguage":"de-AT","potentialAction":[{"@type":"ReadAction","target":["https:\/\/hfm-fahrtechnik.com\/?page_id=128"]}]},{"@type":"BreadcrumbList","@id":"https:\/\/hfm-fahrtechnik.com\/?page_id=128#breadcrumb","itemListElement":[{"@type":"ListItem","position":1,"name":"Home","item":"https:\/\/hfm-fahrtechnik.com\/"},{"@type":"ListItem","position":2,"name":"Anfrage"}]}]}},"_links":{"self":[{"href":"https:\/\/hfm-fahrtechnik.com\/index.php?rest_route=\/wp\/v2\/pages\/128","targetHints":{"allow":["GET"]}}],"collection":[{"href":"https:\/\/hfm-fahrtechnik.com\/index.php?rest_route=\/wp\/v2\/pages"}],"about":[{"href":"https:\/\/hfm-fahrtechnik.com\/index.php?rest_route=\/wp\/v2\/types\/page"}],"author":[{"embeddable":true,"href":"https:\/\/hfm-fahrtechnik.com\/index.php?rest_route=\/wp\/v2\/users\/1"}],"replies":[{"embeddable":true,"href":"https:\/\/hfm-fahrtechnik.com\/index.php?rest_route=%2Fwp%2Fv2%2Fcomments&post=128"}],"version-history":[{"count":7,"href":"https:\/\/hfm-fahrtechnik.com\/index.php?rest_route=\/wp\/v2\/pages\/128\/revisions"}],"predecessor-version":[{"id":268,"href":"https:\/\/hfm-fahrtechnik.com\/index.php?rest_route=\/wp\/v2\/pages\/128\/revisions\/268"}],"wp:attachment":[{"href":"https:\/\/hfm-fahrtechnik.com\/index.php?rest_route=%2Fwp%2Fv2%2Fmedia&parent=128"}],"curies":[{"name":"wp","href":"https:\/\/api.w.org\/{rel}","templated":true}]}}