{"id":122,"date":"2022-01-31T14:06:06","date_gmt":"2022-01-31T14:06:06","guid":{"rendered":"https:\/\/hfm-fahrtechnik.com\/wordpress\/?page_id=122"},"modified":"2022-01-31T16:52:49","modified_gmt":"2022-01-31T16:52:49","slug":"datenschutzerklaerung","status":"publish","type":"page","link":"https:\/\/hfm-fahrtechnik.com\/?page_id=122","title":{"rendered":"Datenschutzerkl\u00e4rung"},"content":{"rendered":"<p>[vc_row text_color=&#8221;light&#8221;][vc_column][block_title title=&#8221;DATENSCHUTZERKL\u00c4RUNG&#8221;][\/block_title][\/vc_column][\/vc_row][vc_row][vc_column][vc_column_text custom_text_color=&#8221;#ffffff&#8221;]<\/p>\n<p style=\"text-align: center;\"><strong>Erkl\u00e4rung zur Informationspflicht<\/strong><\/p>\n<p style=\"text-align: center;\">Der Schutz Ihrer pers\u00f6nlichen Daten ist mir ein besonderes Anliegen. Ich verarbeite Ihre Daten daher ausschlie\u00dflich auf Grundlage der gesetzlichen Bestimmungen (DSGVO, TKG 2003). In diesen Datenschutzinformationen informiere ich Sie \u00fcber die wichtigsten Aspekte der Datenverarbeitung im Rahmen meiner Website.<\/p>\n<p style=\"text-align: center;\"><strong>Kontakt mit mir<\/strong><\/p>\n<p style=\"text-align: center;\">Wenn Sie per Formular auf der Website oder per E-Mail Kontakt mit mir aufnehmen, werden Ihre angegebenen Daten zwecks Bearbeitung der Anfrage und f\u00fcr den Fall von Anschlussfragen sechs Monate bei mir gespeichert. Diese Daten gebe ich nicht ohne Ihre Einwilligung weiter.<\/p>\n<p style=\"text-align: center;\"><strong>Speicherung von Zugriffsdaten in Server-Logfiles<\/strong><\/p>\n<p style=\"text-align: center;\">Sie k\u00f6nnen meine\u00a0 Webseite\u00a0besuchen, ohne Angaben zu Ihrer Person zu machen. Wir speichern lediglich Zugriffsdaten in sogenannten Server-Logfiles, wie z.B. den Namen der angeforderten Datei, Datum und Uhrzeit des Abrufs, \u00fcbertragene Datenmenge und den anfragenden Provider. Diese Daten werden ausschlie\u00dflich zur Sicherstellung eines st\u00f6rungsfreien Betriebs der Seite und zur Verbesserung unseres Angebots ausgewertet und erlauben uns keinen R\u00fcckschluss auf Ihre Person.<\/p>\n<p style=\"text-align: center;\"><strong>Einsatz von Wordfence zur Abwehr von Angriffen<\/strong><\/p>\n<p style=\"text-align: center;\">Diese Website benutzt das WordPress Plugin Wordfence, eine Sicherheits Plugin der Defiant, Inc. (<u>www.wordfence.com)<\/u>welches neben Monitoring-Mechanismen auch IP-Abgleiche mit den Servern von Defiant durchf\u00fchrt, um diverse Angriffe abzuschw\u00e4chen oder im Optimalfall zu unterbinden. Wordfence verwendet sog. \u201eCookies\u201c, Textdateien, die auf Ihrem Computer gespeichert werden und die eine Analyse der Benutzung der Website durch Sie erm\u00f6glichen. Die durch den Cookie erzeugten Informationen \u00fcber Ihre Benutzung dieser Website werden nicht an externe Server \u00fcbertragen. Es werden nur IP-Adressen an Server von Defiant in den USA \u00fcbertragen welche die Regeln unserer Firewall oder des Login-Bereichs verletzen. Die \u00fcbertragenen IP-Adressen werden mit berteits gespeicherten Adressen auf den Servern der Defiant abgeglichen und gegebenenfalls in eine Liste von gef\u00e4hrlichen IP-Adressen zur Abwehr von Angriffen dient gespeichert. Die IP-Adressen von Angreifern werden unter anderem auch zum Schutz von Angriffen und Spam an unsere Webseite weiter geleitet. Wir blocken dann auch auf Basis dieser \u201eBlackliste\u201c die Zugriffe auf unsere Seite.<\/p>\n<p style=\"text-align: center;\"><strong>Ihre Rechte<\/strong><\/p>\n<p style=\"text-align: center;\">Ihnen stehen grunds\u00e4tzlich die Rechte auf Auskunft, Berichtigung, L\u00f6schung, Einschr\u00e4nkung, Daten\u00fcbertragbarkeit, Widerruf und Widerspruch zu. Wenn Sie glauben, dass die Verarbeitung Ihrer Daten gegen das Datenschutzrecht verst\u00f6\u00dft oder Ihre datenschutzrechtlichen Anspr\u00fcche sonst in einer Weise verletzt worden sind, k\u00f6nnen Sie sich bei der Aufsichtsbeh\u00f6rde beschweren. In \u00d6sterreich ist dies die Datenschutzbeh\u00f6rde.<\/p>\n<p style=\"text-align: center;\"><strong>Auskunftsrecht und Kontaktm\u00f6glichkeit<\/strong><\/p>\n<p style=\"text-align: center;\">Sie haben ein Recht auf unentgeltliche Auskunft \u00fcber die bei uns zu Ihrer Person gespeicherten Daten sowie ggf. ein Recht auf Berichtigung, Sperrung oder L\u00f6schung dieser Daten. Bei Fragen zur Erhebung, Verarbeitung oder Nutzung Ihrer personenbezogenen Daten, bei Ausk\u00fcnften, Berichtigung, Sperrung oder L\u00f6schung von Daten sowie Widerruf erteilter Einwilligungen oder Widerspruch gegen eine bestimmte Datenverwendung wenden Sie sich bitte direkt an uns \u00fcber folgende Kontaktdaten im Impressum.<\/p>\n<p>[\/vc_column_text][\/vc_column][\/vc_row]<\/p>\n","protected":false},"excerpt":{"rendered":"<p>[vc_row text_color=&#8221;light&#8221;][vc_column][block_title title=&#8221;DATENSCHUTZERKL\u00c4RUNG&#8221;][\/block_title][\/vc_column][\/vc_row][vc_row][vc_column][vc_column_text custom_text_color=&#8221;#ffffff&#8221;] Erkl\u00e4rung zur Informationspflicht Der Schutz Ihrer pers\u00f6nlichen Daten ist mir ein besonderes Anliegen. Ich verarbeite Ihre Daten daher ausschlie\u00dflich auf Grundlage der gesetzlichen Bestimmungen (DSGVO, TKG 2003). In diesen Datenschutzinformationen informiere ich Sie \u00fcber die wichtigsten Aspekte der Datenverarbeitung im Rahmen meiner Website. Kontakt mit mir Wenn Sie per Formular auf [&hellip;]<\/p>\n","protected":false},"author":1,"featured_media":0,"parent":0,"menu_order":0,"comment_status":"closed","ping_status":"closed","template":"","meta":{"_monsterinsights_skip_tracking":false,"_monsterinsights_sitenote_active":false,"_monsterinsights_sitenote_note":"","_monsterinsights_sitenote_category":0,"footnotes":""},"class_list":["post-122","page","type-page","status-publish","hentry"],"yoast_head":"<!-- This site is optimized with the Yoast SEO plugin v17.9 - https:\/\/yoast.com\/wordpress\/plugins\/seo\/ -->\n<title>Datenschutzerkl\u00e4rung - HFM-Fahrtechnik<\/title>\n<meta name=\"robots\" content=\"index, follow, max-snippet:-1, max-image-preview:large, max-video-preview:-1\" \/>\n<link rel=\"canonical\" href=\"https:\/\/hfm-fahrtechnik.com\/?page_id=122\" \/>\n<meta property=\"og:locale\" content=\"de_DE\" \/>\n<meta property=\"og:type\" content=\"article\" \/>\n<meta property=\"og:title\" content=\"Datenschutzerkl\u00e4rung - HFM-Fahrtechnik\" \/>\n<meta property=\"og:description\" content=\"[vc_row text_color=&#8221;light&#8221;][vc_column][block_title title=&#8221;DATENSCHUTZERKL\u00c4RUNG&#8221;][\/block_title][\/vc_column][\/vc_row][vc_row][vc_column][vc_column_text custom_text_color=&#8221;#ffffff&#8221;] Erkl\u00e4rung zur Informationspflicht Der Schutz Ihrer pers\u00f6nlichen Daten ist mir ein besonderes Anliegen. Ich verarbeite Ihre Daten daher ausschlie\u00dflich auf Grundlage der gesetzlichen Bestimmungen (DSGVO, TKG 2003). In diesen Datenschutzinformationen informiere ich Sie \u00fcber die wichtigsten Aspekte der Datenverarbeitung im Rahmen meiner Website. Kontakt mit mir Wenn Sie per Formular auf [&hellip;]\" \/>\n<meta property=\"og:url\" content=\"https:\/\/hfm-fahrtechnik.com\/?page_id=122\" \/>\n<meta property=\"og:site_name\" content=\"HFM-Fahrtechnik\" \/>\n<meta property=\"article:modified_time\" content=\"2022-01-31T16:52:49+00:00\" \/>\n<meta name=\"twitter:card\" content=\"summary_large_image\" \/>\n<meta name=\"twitter:label1\" content=\"Est. reading time\" \/>\n\t<meta name=\"twitter:data1\" content=\"3 Minuten\" \/>\n<script type=\"application\/ld+json\" class=\"yoast-schema-graph\">{\"@context\":\"https:\/\/schema.org\",\"@graph\":[{\"@type\":\"WebSite\",\"@id\":\"https:\/\/hfm-fahrtechnik.com\/#website\",\"url\":\"https:\/\/hfm-fahrtechnik.com\/\",\"name\":\"HFM-Fahrtechnik\",\"description\":\"\",\"potentialAction\":[{\"@type\":\"SearchAction\",\"target\":{\"@type\":\"EntryPoint\",\"urlTemplate\":\"https:\/\/hfm-fahrtechnik.com\/?s={search_term_string}\"},\"query-input\":\"required name=search_term_string\"}],\"inLanguage\":\"de-AT\"},{\"@type\":\"WebPage\",\"@id\":\"https:\/\/hfm-fahrtechnik.com\/?page_id=122#webpage\",\"url\":\"https:\/\/hfm-fahrtechnik.com\/?page_id=122\",\"name\":\"Datenschutzerkl\\u00e4rung - HFM-Fahrtechnik\",\"isPartOf\":{\"@id\":\"https:\/\/hfm-fahrtechnik.com\/#website\"},\"datePublished\":\"2022-01-31T14:06:06+00:00\",\"dateModified\":\"2022-01-31T16:52:49+00:00\",\"breadcrumb\":{\"@id\":\"https:\/\/hfm-fahrtechnik.com\/?page_id=122#breadcrumb\"},\"inLanguage\":\"de-AT\",\"potentialAction\":[{\"@type\":\"ReadAction\",\"target\":[\"https:\/\/hfm-fahrtechnik.com\/?page_id=122\"]}]},{\"@type\":\"BreadcrumbList\",\"@id\":\"https:\/\/hfm-fahrtechnik.com\/?page_id=122#breadcrumb\",\"itemListElement\":[{\"@type\":\"ListItem\",\"position\":1,\"name\":\"Home\",\"item\":\"https:\/\/hfm-fahrtechnik.com\/\"},{\"@type\":\"ListItem\",\"position\":2,\"name\":\"Datenschutzerkl\\u00e4rung\"}]}]}<\/script>\n<!-- \/ Yoast SEO plugin. -->","yoast_head_json":{"title":"Datenschutzerkl\u00e4rung - HFM-Fahrtechnik","robots":{"index":"index","follow":"follow","max-snippet":"max-snippet:-1","max-image-preview":"max-image-preview:large","max-video-preview":"max-video-preview:-1"},"canonical":"https:\/\/hfm-fahrtechnik.com\/?page_id=122","og_locale":"de_DE","og_type":"article","og_title":"Datenschutzerkl\u00e4rung - HFM-Fahrtechnik","og_description":"[vc_row text_color=&#8221;light&#8221;][vc_column][block_title title=&#8221;DATENSCHUTZERKL\u00c4RUNG&#8221;][\/block_title][\/vc_column][\/vc_row][vc_row][vc_column][vc_column_text custom_text_color=&#8221;#ffffff&#8221;] Erkl\u00e4rung zur Informationspflicht Der Schutz Ihrer pers\u00f6nlichen Daten ist mir ein besonderes Anliegen. Ich verarbeite Ihre Daten daher ausschlie\u00dflich auf Grundlage der gesetzlichen Bestimmungen (DSGVO, TKG 2003). In diesen Datenschutzinformationen informiere ich Sie \u00fcber die wichtigsten Aspekte der Datenverarbeitung im Rahmen meiner Website. Kontakt mit mir Wenn Sie per Formular auf [&hellip;]","og_url":"https:\/\/hfm-fahrtechnik.com\/?page_id=122","og_site_name":"HFM-Fahrtechnik","article_modified_time":"2022-01-31T16:52:49+00:00","twitter_card":"summary_large_image","twitter_misc":{"Est. reading time":"3 Minuten"},"schema":{"@context":"https:\/\/schema.org","@graph":[{"@type":"WebSite","@id":"https:\/\/hfm-fahrtechnik.com\/#website","url":"https:\/\/hfm-fahrtechnik.com\/","name":"HFM-Fahrtechnik","description":"","potentialAction":[{"@type":"SearchAction","target":{"@type":"EntryPoint","urlTemplate":"https:\/\/hfm-fahrtechnik.com\/?s={search_term_string}"},"query-input":"required name=search_term_string"}],"inLanguage":"de-AT"},{"@type":"WebPage","@id":"https:\/\/hfm-fahrtechnik.com\/?page_id=122#webpage","url":"https:\/\/hfm-fahrtechnik.com\/?page_id=122","name":"Datenschutzerkl\u00e4rung - HFM-Fahrtechnik","isPartOf":{"@id":"https:\/\/hfm-fahrtechnik.com\/#website"},"datePublished":"2022-01-31T14:06:06+00:00","dateModified":"2022-01-31T16:52:49+00:00","breadcrumb":{"@id":"https:\/\/hfm-fahrtechnik.com\/?page_id=122#breadcrumb"},"inLanguage":"de-AT","potentialAction":[{"@type":"ReadAction","target":["https:\/\/hfm-fahrtechnik.com\/?page_id=122"]}]},{"@type":"BreadcrumbList","@id":"https:\/\/hfm-fahrtechnik.com\/?page_id=122#breadcrumb","itemListElement":[{"@type":"ListItem","position":1,"name":"Home","item":"https:\/\/hfm-fahrtechnik.com\/"},{"@type":"ListItem","position":2,"name":"Datenschutzerkl\u00e4rung"}]}]}},"_links":{"self":[{"href":"https:\/\/hfm-fahrtechnik.com\/index.php?rest_route=\/wp\/v2\/pages\/122","targetHints":{"allow":["GET"]}}],"collection":[{"href":"https:\/\/hfm-fahrtechnik.com\/index.php?rest_route=\/wp\/v2\/pages"}],"about":[{"href":"https:\/\/hfm-fahrtechnik.com\/index.php?rest_route=\/wp\/v2\/types\/page"}],"author":[{"embeddable":true,"href":"https:\/\/hfm-fahrtechnik.com\/index.php?rest_route=\/wp\/v2\/users\/1"}],"replies":[{"embeddable":true,"href":"https:\/\/hfm-fahrtechnik.com\/index.php?rest_route=%2Fwp%2Fv2%2Fcomments&post=122"}],"version-history":[{"count":3,"href":"https:\/\/hfm-fahrtechnik.com\/index.php?rest_route=\/wp\/v2\/pages\/122\/revisions"}],"predecessor-version":[{"id":181,"href":"https:\/\/hfm-fahrtechnik.com\/index.php?rest_route=\/wp\/v2\/pages\/122\/revisions\/181"}],"wp:attachment":[{"href":"https:\/\/hfm-fahrtechnik.com\/index.php?rest_route=%2Fwp%2Fv2%2Fmedia&parent=122"}],"curies":[{"name":"wp","href":"https:\/\/api.w.org\/{rel}","templated":true}]}}