{"id":112,"date":"2022-01-31T14:02:27","date_gmt":"2022-01-31T14:02:27","guid":{"rendered":"https:\/\/hfm-fahrtechnik.com\/wordpress\/?page_id=112"},"modified":"2026-04-15T09:11:56","modified_gmt":"2026-04-15T09:11:56","slug":"trainings","status":"publish","type":"page","link":"https:\/\/hfm-fahrtechnik.com\/?page_id=112","title":{"rendered":"Trainings"},"content":{"rendered":"<p>[vc_row text_color=&#8221;light&#8221;][vc_column font_color=&#8221;#ffffff&#8221;][block_title title=&#8221;TRAININGS&#8221;][\/block_title][\/vc_column][\/vc_row][vc_row][vc_column width=&#8221;1\/2&#8243;][vc_custom_heading text=&#8221;WarmUp Training<\/p>\n<p>Ort: Verkehrsbetriebe Wr Neustadt,<br \/>\nWarmUp Training 2026<br \/>\nOrt: Gel\u00e4nde der Wr Neust\u00e4dter Stadtwerke und<br \/>\n\u00dcbungsgel\u00e4nde der Fahrschule Ternitz f\u00fcr kleinere Gruppen&#8221; font_container=&#8221;tag:h2|text_align:center|color:%23ffffff&#8221;][vc_column_text custom_text_color=&#8221;#ffffff&#8221;]<\/p>\n<p style=\"text-align: center;\"><strong>WarmUp Termine 2026<\/strong><\/p>\n<p style=\"text-align: center;\"><strong>26. April 2026<\/strong><\/p>\n<p style=\"text-align: center;\">Beginn 09.00 Uhr Dauer ca 3 Std (ausgebucht)<\/p>\n<p style=\"text-align: center;\">Beginn 13.00 Uhr Dauer ca 3 Std (ausgebucht)<\/p>\n<p style=\"text-align: center;\"><em><strong>1. Mai\u00a0 2026<\/strong><\/em><\/p>\n<p style=\"text-align: center;\">Beginn 09.00 Uhr Dauer ca 3 Std (reserviert)<\/p>\n<p style=\"text-align: center;\">Beginn 13.00 Uhr Dauer ca 3 Std (10\/10 frei)<\/p>\n<p style=\"text-align: center;\"><strong>3. Mai 2026<\/strong><\/p>\n<p style=\"text-align: center;\">Beginn 09.00 Uhr Dauer ca 3 Std (reserviert FF Neunkirchen)<\/p>\n<p style=\"text-align: center;\">Beginn 13.00 Uhr Dauer ca 3 Std (ausgebucht)<\/p>\n<p style=\"text-align: center;\"><strong>Ersatztermin Mai 2026 folgt<\/strong><\/p>\n<p style=\"text-align: center;\">Beginn 09.00 Uhr Dauer ca 3 Std (10\/10 frei)<\/p>\n<p style=\"text-align: center;\">Beginn 13.00 Uhr Dauer ca 3 Std (10\/10 frei)<\/p>\n<p style=\"text-align: center;\"><strong>Weitere Trainings auch exklusiv in kleinen Gruppen bis 5 Personen auf Anfrage.<\/strong><\/p>\n<p>&nbsp;<\/p>\n<p style=\"text-align: center;\">Max 10 Teilnehmer mindestens 5 Teilnehmer pro Termin<\/p>\n<p>[\/vc_column_text][\/vc_column][vc_column width=&#8221;1\/2&#8243;][media alignment=&#8221;center&#8221; animation=&#8221;none&#8221; image=&#8221;14&#8243; width=&#8221;400&#8243;][\/vc_column][\/vc_row][vc_row][vc_column width=&#8221;1\/2&#8243;][media animation=&#8221;none&#8221; image=&#8221;15&#8243;][\/vc_column][vc_column width=&#8221;1\/2&#8243;][vc_column_text custom_text_color=&#8221;#ffffff&#8221;]<\/p>\n<p style=\"text-align: center;\"><strong>Trainingsinhalt:<\/strong><\/p>\n<p style=\"text-align: center;\">&#8211; Entstaubung der Winterm\u00fcdigkeit<\/p>\n<p style=\"text-align: center;\">&#8211; Vertrauen zum Bike wieder aufbauen<\/p>\n<p style=\"text-align: center;\">&#8211; Gefahrenradar Gefahrenanalyse<\/p>\n<p style=\"text-align: center;\">&#8211; Allgemeine Fahrtechnik<\/p>\n<p style=\"text-align: center;\">&#8211; Blicktechnik<\/p>\n<p style=\"text-align: center;\">&#8211; Lenktechnik<\/p>\n<p style=\"text-align: center;\">&#8211; Bremstechnik mit Brems\u00fcbungen<\/p>\n<p style=\"text-align: center;\">Gastgeschenk, Getr\u00e4nke, M\u00fcsliriegel zur St\u00e4rkung<\/p>\n<p style=\"text-align: center;\">Kosten pro Termin und Teilnehmer <em><strong>100,&#8211;<\/strong><\/em><\/p>\n<p style=\"text-align: center;\">Kleingruppentraining Fahrschulplatz bis max 5 Teilnehmer (mind 3 Teilnehmer) oder Training mit Sozius individuell buchbar und auf Anfrage<\/p>\n<p style=\"text-align: center;\">Termine und Preis sind in diesem Trainingsbereich auch individuell zB wochentags nach Absprache m\u00f6glich<\/p>\n<p>&nbsp;[\/vc_column_text][\/vc_column][\/vc_row][vc_row][vc_column width=&#8221;1\/2&#8243;][vc_column_text custom_text_color=&#8221;#ffffff&#8221;]<\/p>\n<p style=\"text-align: center;\"><strong>Allgemeine Voraussetzung:<\/strong><\/p>\n<p style=\"text-align: center;\">Training mit dem eigenen Motorrad<\/p>\n<p style=\"text-align: center;\">G\u00fcltige Lenkberechtigung<\/p>\n<p style=\"text-align: center;\">Anmeldung inklusive Haftungsausschluss<\/p>\n<p style=\"text-align: center;\">Onlineeinzahlung der Teilnahmegeb\u00fchr<\/p>\n<p>&nbsp;<\/p>\n<p style=\"text-align: center;\"><strong>Sonstiges<\/strong><\/p>\n<p style=\"text-align: center;\">Der Teilnahmeplatz gilt ab Zahlungseingang mit Anmeldebest\u00e4tigung<\/p>\n<p style=\"text-align: center;\">[\/vc_column_text][\/vc_column][vc_column width=&#8221;1\/2&#8243;][media alignment=&#8221;center&#8221; animation=&#8221;none&#8221; image=&#8221;12&#8243; width=&#8221;400&#8243;][\/vc_column][\/vc_row][vc_row text_color=&#8221;light&#8221;][vc_column font_color=&#8221;#ffffff&#8221;][block_title title=&#8221;Sonstige Trainings nach telefonischer oder pers\u00f6nlicher Vereinbarung&#8221;][\/block_title][\/vc_column][\/vc_row][vc_row][vc_column width=&#8221;1\/2&#8243;][vc_custom_heading text=&#8221;Personal Training&#8221; font_container=&#8221;tag:h2|text_align:center|color:%23ffffff&#8221;][vc_column_text custom_text_color=&#8221;#ffffff&#8221;]<\/p>\n<p style=\"text-align: center;\">Auf die eigenen Bed\u00fcrfnisse abgestimmtes Training, individuell einstellbare und flexible Trainingsinhalte, Anwendung der richtigen Fahrtechnik wie Blicktechnik, Kurventechnik, Lenktechnik<\/p>\n<p style=\"text-align: center;\">Platztraining und Training im Flie\u00dfverkehr<\/p>\n<p style=\"text-align: center;\">Auf sch\u00f6nen Strecken in den Bezirken Neunkirchen oder Wr Neustadt aber auch in Absprache an anderen Orten m\u00f6glich<\/p>\n<p style=\"text-align: center;\"><strong>Einzel im Duo oder auch als PAAR buchbar<\/strong><\/p>\n<p style=\"text-align: center;\">Dauer ca 5 Stunden mit Abschlussbesprechung und Erinnerungsgeschenk<\/p>\n<p style=\"text-align: center;\">Getr\u00e4nke und M\u00fcsliriegel w\u00e4hrend des Trainings am Platz<\/p>\n<p style=\"text-align: center;\"><strong>Preis und Termine auf Anfrage<\/strong><\/p>\n<p>[\/vc_column_text][\/vc_column][vc_column width=&#8221;1\/2&#8243;][media alignment=&#8221;right&#8221; animation=&#8221;none&#8221; image=&#8221;48&#8243;][\/vc_column][\/vc_row][vc_row][vc_column width=&#8221;1\/2&#8243;][media animation=&#8221;none&#8221; image=&#8221;13&#8243;][\/vc_column][vc_column width=&#8221;1\/2&#8243;][vc_custom_heading text=&#8221;Kurventraining&#8221; font_container=&#8221;tag:h2|text_align:center|color:%23ffffff&#8221;][vc_column_text custom_text_color=&#8221;#ffffff&#8221;]<\/p>\n<p style=\"text-align: center;\">Erarbeiten der richtigen Kurventechnik in Kombination der Technik Legen Dr\u00fccken oder Hang Off in Abgrenzung Stra\u00dfe und Ringbetrieb, in Kombination mit der richtigen Fahrtechnik<\/p>\n<p style=\"text-align: center;\">Platztraining und Training im Flie\u00dfverkehr<\/p>\n<p style=\"text-align: center;\"><strong>Einzel im Duo oder als PAAR buchbar<\/strong><\/p>\n<p style=\"text-align: center;\">Dauer ca 5 Stunden mit Abschlussbesprechung und Erinnerungsgeschenk<\/p>\n<p style=\"text-align: center;\">Getr\u00e4nke und M\u00fcsliriegel w\u00e4hrend des Trainings am Platz<\/p>\n<p style=\"text-align: center;\"><strong>Preis und Termine auf Anfrage<\/strong><\/p>\n<p>[\/vc_column_text][\/vc_column][\/vc_row]<\/p>\n","protected":false},"excerpt":{"rendered":"<p>[vc_row text_color=&#8221;light&#8221;][vc_column font_color=&#8221;#ffffff&#8221;][block_title title=&#8221;TRAININGS&#8221;][\/block_title][\/vc_column][\/vc_row][vc_row][vc_column width=&#8221;1\/2&#8243;][vc_custom_heading text=&#8221;WarmUp Training Ort: Verkehrsbetriebe Wr Neustadt, WarmUp Training 2026 Ort: Gel\u00e4nde der Wr Neust\u00e4dter Stadtwerke und \u00dcbungsgel\u00e4nde der Fahrschule Ternitz f\u00fcr kleinere Gruppen&#8221; font_container=&#8221;tag:h2|text_align:center|color:%23ffffff&#8221;][vc_column_text custom_text_color=&#8221;#ffffff&#8221;] WarmUp Termine 2026 26. April 2026 Beginn 09.00 Uhr Dauer ca 3 Std (ausgebucht) Beginn 13.00 Uhr Dauer ca 3 Std (ausgebucht) 1. Mai\u00a0 2026 [&hellip;]<\/p>\n","protected":false},"author":1,"featured_media":0,"parent":0,"menu_order":0,"comment_status":"closed","ping_status":"closed","template":"","meta":{"_monsterinsights_skip_tracking":false,"_monsterinsights_sitenote_active":false,"_monsterinsights_sitenote_note":"","_monsterinsights_sitenote_category":0,"footnotes":""},"class_list":["post-112","page","type-page","status-publish","hentry"],"yoast_head":"<!-- This site is optimized with the Yoast SEO plugin v17.9 - https:\/\/yoast.com\/wordpress\/plugins\/seo\/ -->\n<title>Trainings - HFM-Fahrtechnik<\/title>\n<meta name=\"robots\" content=\"index, follow, max-snippet:-1, max-image-preview:large, max-video-preview:-1\" \/>\n<link rel=\"canonical\" href=\"https:\/\/hfm-fahrtechnik.com\/?page_id=112\" \/>\n<meta property=\"og:locale\" content=\"de_DE\" \/>\n<meta property=\"og:type\" content=\"article\" \/>\n<meta property=\"og:title\" content=\"Trainings - HFM-Fahrtechnik\" \/>\n<meta property=\"og:description\" content=\"[vc_row text_color=&#8221;light&#8221;][vc_column font_color=&#8221;#ffffff&#8221;][block_title title=&#8221;TRAININGS&#8221;][\/block_title][\/vc_column][\/vc_row][vc_row][vc_column width=&#8221;1\/2&#8243;][vc_custom_heading text=&#8221;WarmUp Training Ort: Verkehrsbetriebe Wr Neustadt, WarmUp Training 2026 Ort: Gel\u00e4nde der Wr Neust\u00e4dter Stadtwerke und \u00dcbungsgel\u00e4nde der Fahrschule Ternitz f\u00fcr kleinere Gruppen&#8221; font_container=&#8221;tag:h2|text_align:center|color:%23ffffff&#8221;][vc_column_text custom_text_color=&#8221;#ffffff&#8221;] WarmUp Termine 2026 26. April 2026 Beginn 09.00 Uhr Dauer ca 3 Std (ausgebucht) Beginn 13.00 Uhr Dauer ca 3 Std (ausgebucht) 1. Mai\u00a0 2026 [&hellip;]\" \/>\n<meta property=\"og:url\" content=\"https:\/\/hfm-fahrtechnik.com\/?page_id=112\" \/>\n<meta property=\"og:site_name\" content=\"HFM-Fahrtechnik\" \/>\n<meta property=\"article:modified_time\" content=\"2026-04-15T09:11:56+00:00\" \/>\n<meta name=\"twitter:card\" content=\"summary_large_image\" \/>\n<script type=\"application\/ld+json\" class=\"yoast-schema-graph\">{\"@context\":\"https:\/\/schema.org\",\"@graph\":[{\"@type\":\"WebSite\",\"@id\":\"https:\/\/hfm-fahrtechnik.com\/#website\",\"url\":\"https:\/\/hfm-fahrtechnik.com\/\",\"name\":\"HFM-Fahrtechnik\",\"description\":\"\",\"potentialAction\":[{\"@type\":\"SearchAction\",\"target\":{\"@type\":\"EntryPoint\",\"urlTemplate\":\"https:\/\/hfm-fahrtechnik.com\/?s={search_term_string}\"},\"query-input\":\"required name=search_term_string\"}],\"inLanguage\":\"de-AT\"},{\"@type\":\"WebPage\",\"@id\":\"https:\/\/hfm-fahrtechnik.com\/?page_id=112#webpage\",\"url\":\"https:\/\/hfm-fahrtechnik.com\/?page_id=112\",\"name\":\"Trainings - HFM-Fahrtechnik\",\"isPartOf\":{\"@id\":\"https:\/\/hfm-fahrtechnik.com\/#website\"},\"datePublished\":\"2022-01-31T14:02:27+00:00\",\"dateModified\":\"2026-04-15T09:11:56+00:00\",\"breadcrumb\":{\"@id\":\"https:\/\/hfm-fahrtechnik.com\/?page_id=112#breadcrumb\"},\"inLanguage\":\"de-AT\",\"potentialAction\":[{\"@type\":\"ReadAction\",\"target\":[\"https:\/\/hfm-fahrtechnik.com\/?page_id=112\"]}]},{\"@type\":\"BreadcrumbList\",\"@id\":\"https:\/\/hfm-fahrtechnik.com\/?page_id=112#breadcrumb\",\"itemListElement\":[{\"@type\":\"ListItem\",\"position\":1,\"name\":\"Home\",\"item\":\"https:\/\/hfm-fahrtechnik.com\/\"},{\"@type\":\"ListItem\",\"position\":2,\"name\":\"Trainings\"}]}]}<\/script>\n<!-- \/ Yoast SEO plugin. -->","yoast_head_json":{"title":"Trainings - HFM-Fahrtechnik","robots":{"index":"index","follow":"follow","max-snippet":"max-snippet:-1","max-image-preview":"max-image-preview:large","max-video-preview":"max-video-preview:-1"},"canonical":"https:\/\/hfm-fahrtechnik.com\/?page_id=112","og_locale":"de_DE","og_type":"article","og_title":"Trainings - HFM-Fahrtechnik","og_description":"[vc_row text_color=&#8221;light&#8221;][vc_column font_color=&#8221;#ffffff&#8221;][block_title title=&#8221;TRAININGS&#8221;][\/block_title][\/vc_column][\/vc_row][vc_row][vc_column width=&#8221;1\/2&#8243;][vc_custom_heading text=&#8221;WarmUp Training Ort: Verkehrsbetriebe Wr Neustadt, WarmUp Training 2026 Ort: Gel\u00e4nde der Wr Neust\u00e4dter Stadtwerke und \u00dcbungsgel\u00e4nde der Fahrschule Ternitz f\u00fcr kleinere Gruppen&#8221; font_container=&#8221;tag:h2|text_align:center|color:%23ffffff&#8221;][vc_column_text custom_text_color=&#8221;#ffffff&#8221;] WarmUp Termine 2026 26. April 2026 Beginn 09.00 Uhr Dauer ca 3 Std (ausgebucht) Beginn 13.00 Uhr Dauer ca 3 Std (ausgebucht) 1. Mai\u00a0 2026 [&hellip;]","og_url":"https:\/\/hfm-fahrtechnik.com\/?page_id=112","og_site_name":"HFM-Fahrtechnik","article_modified_time":"2026-04-15T09:11:56+00:00","twitter_card":"summary_large_image","schema":{"@context":"https:\/\/schema.org","@graph":[{"@type":"WebSite","@id":"https:\/\/hfm-fahrtechnik.com\/#website","url":"https:\/\/hfm-fahrtechnik.com\/","name":"HFM-Fahrtechnik","description":"","potentialAction":[{"@type":"SearchAction","target":{"@type":"EntryPoint","urlTemplate":"https:\/\/hfm-fahrtechnik.com\/?s={search_term_string}"},"query-input":"required name=search_term_string"}],"inLanguage":"de-AT"},{"@type":"WebPage","@id":"https:\/\/hfm-fahrtechnik.com\/?page_id=112#webpage","url":"https:\/\/hfm-fahrtechnik.com\/?page_id=112","name":"Trainings - HFM-Fahrtechnik","isPartOf":{"@id":"https:\/\/hfm-fahrtechnik.com\/#website"},"datePublished":"2022-01-31T14:02:27+00:00","dateModified":"2026-04-15T09:11:56+00:00","breadcrumb":{"@id":"https:\/\/hfm-fahrtechnik.com\/?page_id=112#breadcrumb"},"inLanguage":"de-AT","potentialAction":[{"@type":"ReadAction","target":["https:\/\/hfm-fahrtechnik.com\/?page_id=112"]}]},{"@type":"BreadcrumbList","@id":"https:\/\/hfm-fahrtechnik.com\/?page_id=112#breadcrumb","itemListElement":[{"@type":"ListItem","position":1,"name":"Home","item":"https:\/\/hfm-fahrtechnik.com\/"},{"@type":"ListItem","position":2,"name":"Trainings"}]}]}},"_links":{"self":[{"href":"https:\/\/hfm-fahrtechnik.com\/index.php?rest_route=\/wp\/v2\/pages\/112","targetHints":{"allow":["GET"]}}],"collection":[{"href":"https:\/\/hfm-fahrtechnik.com\/index.php?rest_route=\/wp\/v2\/pages"}],"about":[{"href":"https:\/\/hfm-fahrtechnik.com\/index.php?rest_route=\/wp\/v2\/types\/page"}],"author":[{"embeddable":true,"href":"https:\/\/hfm-fahrtechnik.com\/index.php?rest_route=\/wp\/v2\/users\/1"}],"replies":[{"embeddable":true,"href":"https:\/\/hfm-fahrtechnik.com\/index.php?rest_route=%2Fwp%2Fv2%2Fcomments&post=112"}],"version-history":[{"count":71,"href":"https:\/\/hfm-fahrtechnik.com\/index.php?rest_route=\/wp\/v2\/pages\/112\/revisions"}],"predecessor-version":[{"id":383,"href":"https:\/\/hfm-fahrtechnik.com\/index.php?rest_route=\/wp\/v2\/pages\/112\/revisions\/383"}],"wp:attachment":[{"href":"https:\/\/hfm-fahrtechnik.com\/index.php?rest_route=%2Fwp%2Fv2%2Fmedia&parent=112"}],"curies":[{"name":"wp","href":"https:\/\/api.w.org\/{rel}","templated":true}]}}